{"id":21,"date":"2018-07-24T10:44:12","date_gmt":"2018-07-24T10:44:12","guid":{"rendered":"http:\/\/projektwissen.com\/?page_id=21"},"modified":"2018-07-24T10:44:12","modified_gmt":"2018-07-24T10:44:12","slug":"referenzen","status":"publish","type":"page","link":"http:\/\/projektwissen.com\/?page_id=21","title":{"rendered":"Referenzen"},"content":{"rendered":"<div class=\"entry-content clearfix\">\n<div>Referenzen von Prof. Dr. Sibylle Peters<\/div>\n<h3>Vortr\u00e4ge\/Verweise<\/h3>\n<ul>\n<li>Die Unternehmerin \u2013 VdU-Verband deutscher Unternehmerinnen<br \/>\nTitelthema: Fachkr\u00e4ftemangel in Deutschland<br \/>\nAusgabe 2\/2013 =&gt; Web: <a title=\"http:\/\/www.vdu.de\" href=\"http:\/\/www.vdu.de\/verband\/die_unternehmerin\" target=\"_blank\" rel=\"noopener\">http:\/\/www.vdu.de\/verband\/die_unternehmerin<\/a><\/li>\n<li>Vortrag gehalten f\u00fcr die Landesverwaltung Brandenburg in Potsdamt<br \/>\n08.11.2013 =&gt; Web: <a href=\"http:\/\/www.brandenburg.de\" target=\"_blank\" rel=\"noopener\">http:\/\/www.brandenburg.de\/<\/a><\/li>\n<li>Vortrag gehalten f\u00fcr den Wirtschaftsrat Deutschland der CDU e.V. Landesverband Sachsen-Anhalt<br \/>\n21.10.2013\u00a0 =&gt;\u00a0 Web:<a href=\"http:\/\/www.wirtschaftsrat.de\" target=\"_blank\" rel=\"noopener\"> http:\/\/www.wirtschaftsrat.de\/<\/a><\/li>\n<\/ul>\n<h3>Projekte<\/h3>\n<ul>\n<li><a title=\"Link zum Forschungsportal Sachsen-Anhalt um weitere Informationen zum Projekt zu erhalten\" href=\"http:\/\/www.forschung-sachsen-anhalt.de\/index.php3?option=projektanzeige&amp;pid=14707\">Management der Ungewissheit \u2013 Schl\u00fcssel zur Innovation<\/a><br \/>\nLaufzeit: 05.04.2009 \u2013 01.04.2011<\/li>\n<li><a href=\"http:\/\/www.forschung-sachsen-anhalt.de\/index.php3?option=projektanzeige&amp;pid=11631&amp;lang=0&amp;perform=&amp;menu_link_active=124\">Entwicklung eines Forschungs- und Kooperationsverbundes zum Aufbau einer Graduiertenschule. <\/a>Dieses Projekt fokussiert die Entwicklung eines Forschungsverbundes und die Entwicklung von Forschungsfeldern innerhalb eines Kooperationsverbundes zur Gr\u00fcndung einer Graduiertenschule auf der Grundlage eines\u00a0 bereits bestehenden Kooperationsvertrages zwischen dem IBBP (Institut f\u00fcr Berufs- und Betriebsp\u00e4dagogik) und dem BIBB (Bundesinstitut f\u00fcr Berufsbildung).<br \/>\nLaufzeit: 01.08.2008-31.01.2009<\/li>\n<li><a href=\"http:\/\/www.forschung-sachsen-anhalt.de\/index.php3?option=projektanzeige&amp;pid=11630&amp;lang=0&amp;perform=&amp;menu_link_active=124\">\u00dcberarbeitung und Beschleunigung der Entwicklung des berufsbegleitenden Zertifikatskurs Wissensmanagement. <\/a>In den Jahren 2006\/2007 ist federf\u00fchrend durch das IBBP (Prof. Dr. Sibylle Peters) der entsprechende interdisziplin\u00e4re Weiterbildungsstudiengang als Zertifikationskurs mit der Fakult\u00e4t f\u00fcr Wirtschaftswissenschaft (Prof. Spengler) und der Fakult\u00e4t f\u00fcr Informatik (Prof. Spiliopoulou) entwickelt und im Jahr 2007 durch den Senat der OvGU in einer vorliegenden Studien- und Pr\u00fcfungsordnung best\u00e4tigt worden. Der Zertifikatskurs Wissensmanagement dient der Vermittlung transdisziplin\u00e4rer Kenntnisse und F\u00e4higkeiten zum Wissensmanagement aus den Bereichen der Wirtschafts- und Sozialwissenschaften sowie der Informatik. Durch diese Kenntnisse des integrierten Wissensmanagement dient das Weiterbildungsstudium der Vertiefung und Erg\u00e4nzung der beruflichen Praxis. Eine genaue Analyse des Curriculums und der Modulbeschreibung haben weitere Verbesserungs- und Entwicklungspotentiale des Zertifikatskurses ergeben. Weitere Entwicklungsbestrebungen beziehen sich u. a. auf eine Verbesserung der Pr\u00e4sentation und Transparenz gegen\u00fcber m\u00f6glichen Zielgruppen; eine gezielte Bearbeitung und \u00dcberarbeitung der jeweiligen disziplin\u00e4ren Module; die Entwicklung von online-Studienbriefen; die \u00dcberarbeitung einer Lernplattform nex:comm aus dem Projektmanagement-Weiterbildungsstudiengang.<br \/>\nLaufzeit: 01.07.2008-31.12.2008\u00a0 =&gt;\u00a0 Web: <a href=\"http:\/\/www.wissensprofi.org\/\">http:\/\/www.wissensprofi.org\/<\/a><\/li>\n<li><a href=\"http:\/\/www.ibbp.ovgu.de\/ueberblick\/lehrstuehle\/betriebspaedagogik\/forschung_und_projekte\/projekt_alumnistudie.html\">Alumnistudie an der Otto-von-Guericke-Universit\u00e4t Magdeburg<\/a><br \/>\nLaufzeit: 01.07.2007-31.12.2007<\/li>\n<li><a title=\"Link zum Forschungsportal Sachsen-Anhalt um weitere Informationen zum Projekt zu erhalten\" href=\"http:\/\/www.forschung-sachsen-anhalt.de\/index.php3?option=projektanzeige&amp;pid=10611\">Empirische Untersuchung zur Studienzufriedenheit\/ Alumniaufbau und -bindung sowie Studienabbruch<\/a><br \/>\nLaufzeit: 01.08.2007 \u2013 29.02.2008<\/li>\n<li>Empirische Untersuchung zu Transfermanagement und Wissenstransfer wissenschaftlicher Weiterbildung<br \/>\nLaufzeit: 01.04.2007-30.09.2007<\/li>\n<li>regiostart \u2013 Studenten und Absolventen in die Wirtschaft Sachsen-AnhaltsJunge hochqualifizierte Nachwuchskr\u00e4fte k\u00f6nnen sich in der regionalen Wirtschaft durch vorbereitende Personalentwicklung in Netzwerkstrukturen zwischen Hochschulen und Unternehmen qualifizieren und weiterentwickeln. Innerhalb von Projektmanagementzertifizierung werden Absolventen in Mentoringstrukturen in Praxisaufgaben von regionalen Unternehmen qualifiziert.<br \/>\nLaufzeit: 01.09.2003-31.12.2006\u00a0 =&gt;\u00a0 Web: <a href=\"http:\/\/www.regiostart.info\/\">http:\/\/www.regiostart.info\/<\/a><\/li>\n<li>Auswahl und Entwicklung von Projektleitern in einem Automobilzulieferunternehmen<br \/>\nLaufzeit: 2006<\/li>\n<li>Wissensressourcen der Mitarbeiter: Untersuchung des Zusammenhangs und der Ber\u00fccksichtigung von Wissensressourcen der Mitarbeiter im Rahmen von Standort-VerlagerungenMittels Literaturrecherche werden Ans\u00e4tze der Wissensbewertung, Kompetenzmessung und Bewertung von immateriellen Ressourcen gepr\u00fcft und aus deren Ergebnissen ein Kriterienkatalog entwickelt, der Unternehmen als Basis zur Auswahl und Anwendung von Bewertungsans\u00e4tzen dienen kann.<br \/>\nLaufzeit: 01.09.2005 \u2013 31.03.2006<\/li>\n<li>Praxisnetzwerke f\u00f6rdern Familienfreundlichkeit<br \/>\nLaufzeit: 01.11.2005-30.10.2006<\/li>\n<li><a title=\"Link zum Forschungsportal Sachsen-Anhalt um weitere Informationen zum Projekt zu erhalten\" href=\"http:\/\/www.forschung-sachsen-anhalt.de\/index.php3?option=projektanzeige&amp;pid=1200\">Inno-how \u2013 Wissensmanagement in der Produktentwicklung \u2013 durch Action-Learning und Wissenspromotion in der Hypertext-Organisation Entwicklungsprojekte schneller und effizienter machen (Verbundprojekt)<\/a><br \/>\nLaufzeit: 01.08.2001 \u2013 30.06.2004<\/li>\n<li><a title=\"Link zum Forschungsportal Sachsen-Anhalt um weitere Informationen zum Projekt zu erhalten\" href=\"http:\/\/www.forschung-sachsen-anhalt.de\/index.php3?option=projektanzeige&amp;pid=1016\">Mentoring-Programm: Frauen ins Management in Sachsen-Anhalt<\/a><br \/>\nLaufzeit: 01.11.2000 \u2013 30.04.2003\u00a0 =&gt;\u00a0 Web: <a href=\"http:\/\/www.kibb.de\/wlk22290.htm\">http:\/\/www.kibb.de\/wlk22290.htm<\/a><\/li>\n<li><a title=\"Link zum Forschungsportal Sachsen-Anhalt um weitere Informationen zum Projekt zu erhalten\" href=\"http:\/\/www.forschung-sachsen-anhalt.de\/index.php3?option=projektanzeige&amp;pid=593\">IT-Proto<\/a>&#8211; Entwicklung, Erprobung, Implementierung und Fortf\u00fchrung eines internetbasierten Projektmanagement-Tutorings im Regelbetrieb der Hochschulausbildung an den Universit\u00e4ten Aachen, Flensburg und Magdeburg (Verbundprojekt), (F\u00f6rdereinrichtung: BMBF, F\u00f6rderprogramm \u201eNeue Medien in der Bildung\u201c)<br \/>\nLaufzeit: 01.01.2001 \u2013 31.03.2003\u00a0 =&gt;\u00a0 Web: <a href=\"http:\/\/www.biat.uni-flensburg.de\/biat\/Projekte\/IT-PROTO\/IT-PROTO.htm\">http:\/\/www.biat.uni-flensburg.de\/biat\/Projekte\/IT-PROTO\/IT-PROTO.htm<\/a><\/li>\n<\/ul>\n<\/div>\n","protected":false},"excerpt":{"rendered":"<p>Referenzen von Prof. Dr. Sibylle Peters Vortr\u00e4ge\/Verweise Die Unternehmerin \u2013 VdU-Verband deutscher Unternehmerinnen Titelthema: Fachkr\u00e4ftemangel in Deutschland Ausgabe 2\/2013 =&gt; Web: http:\/\/www.vdu.de\/verband\/die_unternehmerin Vortrag gehalten f\u00fcr die Landesverwaltung Brandenburg in Potsdamt 08.11.2013 =&gt; Web: http:\/\/www.brandenburg.de\/ Vortrag gehalten f\u00fcr den Wirtschaftsrat Deutschland [&hellip;]<\/p>\n","protected":false},"author":1,"featured_media":0,"parent":0,"menu_order":0,"comment_status":"closed","ping_status":"closed","template":"","meta":[],"_links":{"self":[{"href":"http:\/\/projektwissen.com\/index.php?rest_route=\/wp\/v2\/pages\/21"}],"collection":[{"href":"http:\/\/projektwissen.com\/index.php?rest_route=\/wp\/v2\/pages"}],"about":[{"href":"http:\/\/projektwissen.com\/index.php?rest_route=\/wp\/v2\/types\/page"}],"author":[{"embeddable":true,"href":"http:\/\/projektwissen.com\/index.php?rest_route=\/wp\/v2\/users\/1"}],"replies":[{"embeddable":true,"href":"http:\/\/projektwissen.com\/index.php?rest_route=%2Fwp%2Fv2%2Fcomments&post=21"}],"version-history":[{"count":1,"href":"http:\/\/projektwissen.com\/index.php?rest_route=\/wp\/v2\/pages\/21\/revisions"}],"predecessor-version":[{"id":23,"href":"http:\/\/projektwissen.com\/index.php?rest_route=\/wp\/v2\/pages\/21\/revisions\/23"}],"wp:attachment":[{"href":"http:\/\/projektwissen.com\/index.php?rest_route=%2Fwp%2Fv2%2Fmedia&parent=21"}],"curies":[{"name":"wp","href":"https:\/\/api.w.org\/{rel}","templated":true}]}}